{"id":804,"date":"2023-05-02T10:00:02","date_gmt":"2023-05-02T10:00:02","guid":{"rendered":"https:\/\/mensamotor.com\/personalizar-cookies\/"},"modified":"2023-06-06T21:27:13","modified_gmt":"2023-06-06T21:27:13","slug":"personalizar-cookies","status":"publish","type":"page","link":"https:\/\/mensamotor.com\/?page_id=804","title":{"rendered":"Personalizar Cookies"},"content":{"rendered":"\n<div>\n      <div id=\"custom-cookies-eu-label\">\n          El sitio Web https:\/\/mensamotor.com utiliza cookies propias y de terceros para su correcto funcionamiento y para fines anal\u00edticos. Al hacer clic en el bot\u00f3n Aceptar, acepta el uso de estas tecnolog\u00edas y el procesamiento de sus datos para estos prop\u00f3sitos.          \n\n      <\/div>\n\n      <div id=\"custom-cookies-eu-buttons\" class=\"cookies-eu-buttons\">\n        <button id=\"custom-cookies-eu-reject\" class=\"cookies-eu-reject\">Rechazar<\/button>\n        <button id=\"custom-cookies-eu-accept\" class=\"cookies-eu-accept\">ACEPTAR TODAS LAS COOKIES<\/button><\/div>\n      <\/div>\n\n<br\/>\n<p>\n\tPuedes cambiar tus preferencias de cookies en cualquier momento si vuelves a la p\u00e1gina de Personalizar cookies, a la que puedes acceder a trav\u00e9s del Aviso de cookies. Para obtener m\u00e1s informaci\u00f3n sobre las cookies y c\u00f3mo las usamos, consulta la p\u00e1gina de <a href=\"https:\/\/mensamotor.com\/?page_id=803\">Pol\u00edtica de Cookies<\/a>.\n<\/p>\n\n<h3>Cookies t\u00e9cnicas<\/h3>\n<p>\n\tSon aquellas que permiten a los usuarios registrados navegar a trav\u00e9s del sitio Web, del \u00e1rea restringida y a utilizar sus diferentes funciones, como por ejemplo, el sistema de comentarios o el buscador o llevar a cabo el proceso de compra de un Producto o Servicio y no pueden ser desactivadas.\n<\/p>\n\n<div class=\"custom-cookies-option\">\n  <h3>Cookies de an\u00e1lisis o medici\u00f3n<\/h3>\n  <span>\n    <input type=\"radio\" name=\"cookies-analytics-option\" value=\"true\" class=\"custom-cookies-radio\" data-consent=\"ANLTCS\" id=\"custom-cookies-accept-analytics\" >\n    <label for=\"custom-cookies-accept-analytics\">Activar<\/label>\n    &nbsp;&nbsp;\n    <input type=\"radio\" name=\"cookies-analytics-option\" value=\"false\" class=\"custom-cookies-radio\" data-consent=\"ANLTCS\" id=\"custom-cookies-reject-analytics\" \n    checked>\n    <label for=\"custom-cookies-reject-analytics\">Desactivar<\/label>\n<\/span>\n<\/div>\n\n<p>\n\tSon aquellas que, bien tratadas por el sitio Web o por terceros, permiten cuantificar el n\u00famero de usuarios y as\u00ed realizar la medici\u00f3n y an\u00e1lisis estad\u00edstico de la utilizaci\u00f3n que hacen los usuarios del sitio Web. Para ello se analiza la navegaci\u00f3n que realizas en este sitio Web con el fin de mejorarlo.\n<\/p>\n\n<div class=\"custom-cookies-option\">\n  <h3>Cookies sociales<\/h3>\n  <span>\n    <input type=\"radio\" name=\"cookies-social-option\" value=\"true\" class=\"custom-cookies-radio\" data-consent=\"SCLS\" id=\"custom-cookies-accept-social\" \n    >\n    <label for=\"custom-cookies-accept-social\">Activar<\/label>\n    &nbsp;&nbsp;\n    <input type=\"radio\" name=\"cookies-social-option\" value=\"false\" class=\"custom-cookies-radio\" data-consent=\"SCLS\" id=\"custom-cookies-reject-social\" \n    checked>\n    <label for=\"custom-cookies-reject-social\">Desactivar<\/label>\n<\/span>\n<\/div>\n\n<p>\n  Son establecidas por las plataformas de redes sociales para permitir a los usuarios compartir contenido con sus amigos y redes.  \n<\/p>\n\n","protected":false},"excerpt":{"rendered":"<p>El sitio Web https:\/\/mensamotor.com utiliza cookies propias y de terceros para su correcto funcionamiento y para fines anal\u00edticos. Al hacer clic en el bot\u00f3n Aceptar, acepta el uso de estas tecnolog\u00edas y el procesamiento de sus datos para estos prop\u00f3sitos. Rechazar ACEPTAR TODAS LAS COOKIES Puedes cambiar tus preferencias de cookies en cualquier momento si [&hellip;]<\/p>\n","protected":false},"author":3,"featured_media":0,"parent":0,"menu_order":0,"comment_status":"closed","ping_status":"closed","template":"","meta":{"footnotes":""},"class_list":["post-804","page","type-page","status-publish","hentry","entry"],"yoast_head":"<!-- This site is optimized with the Yoast SEO plugin v21.4 - https:\/\/yoast.com\/wordpress\/plugins\/seo\/ -->\n<title>Personalizar Cookies - Mensa Motor<\/title>\n<meta name=\"robots\" content=\"noindex, follow\" \/>\n<meta property=\"og:locale\" content=\"es_ES\" \/>\n<meta property=\"og:type\" content=\"article\" \/>\n<meta property=\"og:title\" content=\"Personalizar Cookies - Mensa Motor\" \/>\n<meta property=\"og:description\" content=\"El sitio Web https:\/\/mensamotor.com utiliza cookies propias y de terceros para su correcto funcionamiento y para fines anal\u00edticos. Al hacer clic en el bot\u00f3n Aceptar, acepta el uso de estas tecnolog\u00edas y el procesamiento de sus datos para estos prop\u00f3sitos. Rechazar ACEPTAR TODAS LAS COOKIES Puedes cambiar tus preferencias de cookies en cualquier momento si [&hellip;]\" \/>\n<meta property=\"og:url\" content=\"https:\/\/mensamotor.com\/?page_id=804\" \/>\n<meta property=\"og:site_name\" content=\"Mensa Motor\" \/>\n<meta property=\"article:modified_time\" content=\"2023-06-06T21:27:13+00:00\" \/>\n<meta name=\"twitter:card\" content=\"summary_large_image\" \/>\n<script type=\"application\/ld+json\" class=\"yoast-schema-graph\">{\"@context\":\"https:\/\/schema.org\",\"@graph\":[{\"@type\":\"WebPage\",\"@id\":\"https:\/\/mensamotor.com\/?page_id=804\",\"url\":\"https:\/\/mensamotor.com\/?page_id=804\",\"name\":\"Personalizar Cookies - Mensa Motor\",\"isPartOf\":{\"@id\":\"https:\/\/mensamotor.com\/#website\"},\"datePublished\":\"2023-05-02T10:00:02+00:00\",\"dateModified\":\"2023-06-06T21:27:13+00:00\",\"breadcrumb\":{\"@id\":\"https:\/\/mensamotor.com\/?page_id=804#breadcrumb\"},\"inLanguage\":\"es\",\"potentialAction\":[{\"@type\":\"ReadAction\",\"target\":[\"https:\/\/mensamotor.com\/?page_id=804\"]}]},{\"@type\":\"BreadcrumbList\",\"@id\":\"https:\/\/mensamotor.com\/?page_id=804#breadcrumb\",\"itemListElement\":[{\"@type\":\"ListItem\",\"position\":1,\"name\":\"Portada\",\"item\":\"https:\/\/mensamotor.com\/\"},{\"@type\":\"ListItem\",\"position\":2,\"name\":\"Personalizar Cookies\"}]},{\"@type\":\"WebSite\",\"@id\":\"https:\/\/mensamotor.com\/#website\",\"url\":\"https:\/\/mensamotor.com\/\",\"name\":\"Talleres Mensa Motor\",\"description\":\"En Mensa Motor ofrecemos reparaciones y mantenimiento de coches Mercedes-Benz en Barcelona. Nuestra especialidad son los veh\u00edculos Mercedes-Benz y Smart, aunque reparamos cualquier tipo de veh\u00edculo y nos adaptamos al cliente.\",\"publisher\":{\"@id\":\"https:\/\/mensamotor.com\/#organization\"},\"potentialAction\":[{\"@type\":\"SearchAction\",\"target\":{\"@type\":\"EntryPoint\",\"urlTemplate\":\"https:\/\/mensamotor.com\/?s={search_term_string}\"},\"query-input\":\"required name=search_term_string\"}],\"inLanguage\":\"es\"},{\"@type\":\"Organization\",\"@id\":\"https:\/\/mensamotor.com\/#organization\",\"name\":\"Talleres Mensa Motor\",\"url\":\"https:\/\/mensamotor.com\/\",\"logo\":{\"@type\":\"ImageObject\",\"inLanguage\":\"es\",\"@id\":\"https:\/\/mensamotor.com\/#\/schema\/logo\/image\/\",\"url\":\"https:\/\/mensamotor.com\/wp-content\/uploads\/2023\/02\/cropped-desayuno-almuerzo-www.brunch.com-1.png\",\"contentUrl\":\"https:\/\/mensamotor.com\/wp-content\/uploads\/2023\/02\/cropped-desayuno-almuerzo-www.brunch.com-1.png\",\"width\":512,\"height\":512,\"caption\":\"Talleres Mensa Motor\"},\"image\":{\"@id\":\"https:\/\/mensamotor.com\/#\/schema\/logo\/image\/\"},\"sameAs\":[\"https:\/\/www.instagram.com\/talleres_mensa_motor\/\"]}]}<\/script>\n<!-- \/ Yoast SEO plugin. -->","yoast_head_json":{"title":"Personalizar Cookies - Mensa Motor","robots":{"index":"noindex","follow":"follow"},"og_locale":"es_ES","og_type":"article","og_title":"Personalizar Cookies - Mensa Motor","og_description":"El sitio Web https:\/\/mensamotor.com utiliza cookies propias y de terceros para su correcto funcionamiento y para fines anal\u00edticos. Al hacer clic en el bot\u00f3n Aceptar, acepta el uso de estas tecnolog\u00edas y el procesamiento de sus datos para estos prop\u00f3sitos. Rechazar ACEPTAR TODAS LAS COOKIES Puedes cambiar tus preferencias de cookies en cualquier momento si [&hellip;]","og_url":"https:\/\/mensamotor.com\/?page_id=804","og_site_name":"Mensa Motor","article_modified_time":"2023-06-06T21:27:13+00:00","twitter_card":"summary_large_image","schema":{"@context":"https:\/\/schema.org","@graph":[{"@type":"WebPage","@id":"https:\/\/mensamotor.com\/?page_id=804","url":"https:\/\/mensamotor.com\/?page_id=804","name":"Personalizar Cookies - Mensa Motor","isPartOf":{"@id":"https:\/\/mensamotor.com\/#website"},"datePublished":"2023-05-02T10:00:02+00:00","dateModified":"2023-06-06T21:27:13+00:00","breadcrumb":{"@id":"https:\/\/mensamotor.com\/?page_id=804#breadcrumb"},"inLanguage":"es","potentialAction":[{"@type":"ReadAction","target":["https:\/\/mensamotor.com\/?page_id=804"]}]},{"@type":"BreadcrumbList","@id":"https:\/\/mensamotor.com\/?page_id=804#breadcrumb","itemListElement":[{"@type":"ListItem","position":1,"name":"Portada","item":"https:\/\/mensamotor.com\/"},{"@type":"ListItem","position":2,"name":"Personalizar Cookies"}]},{"@type":"WebSite","@id":"https:\/\/mensamotor.com\/#website","url":"https:\/\/mensamotor.com\/","name":"Talleres Mensa Motor","description":"En Mensa Motor ofrecemos reparaciones y mantenimiento de coches Mercedes-Benz en Barcelona. Nuestra especialidad son los veh\u00edculos Mercedes-Benz y Smart, aunque reparamos cualquier tipo de veh\u00edculo y nos adaptamos al cliente.","publisher":{"@id":"https:\/\/mensamotor.com\/#organization"},"potentialAction":[{"@type":"SearchAction","target":{"@type":"EntryPoint","urlTemplate":"https:\/\/mensamotor.com\/?s={search_term_string}"},"query-input":"required name=search_term_string"}],"inLanguage":"es"},{"@type":"Organization","@id":"https:\/\/mensamotor.com\/#organization","name":"Talleres Mensa Motor","url":"https:\/\/mensamotor.com\/","logo":{"@type":"ImageObject","inLanguage":"es","@id":"https:\/\/mensamotor.com\/#\/schema\/logo\/image\/","url":"https:\/\/mensamotor.com\/wp-content\/uploads\/2023\/02\/cropped-desayuno-almuerzo-www.brunch.com-1.png","contentUrl":"https:\/\/mensamotor.com\/wp-content\/uploads\/2023\/02\/cropped-desayuno-almuerzo-www.brunch.com-1.png","width":512,"height":512,"caption":"Talleres Mensa Motor"},"image":{"@id":"https:\/\/mensamotor.com\/#\/schema\/logo\/image\/"},"sameAs":["https:\/\/www.instagram.com\/talleres_mensa_motor\/"]}]}},"_links":{"self":[{"href":"https:\/\/mensamotor.com\/index.php?rest_route=\/wp\/v2\/pages\/804","targetHints":{"allow":["GET"]}}],"collection":[{"href":"https:\/\/mensamotor.com\/index.php?rest_route=\/wp\/v2\/pages"}],"about":[{"href":"https:\/\/mensamotor.com\/index.php?rest_route=\/wp\/v2\/types\/page"}],"author":[{"embeddable":true,"href":"https:\/\/mensamotor.com\/index.php?rest_route=\/wp\/v2\/users\/3"}],"replies":[{"embeddable":true,"href":"https:\/\/mensamotor.com\/index.php?rest_route=%2Fwp%2Fv2%2Fcomments&post=804"}],"version-history":[{"count":1,"href":"https:\/\/mensamotor.com\/index.php?rest_route=\/wp\/v2\/pages\/804\/revisions"}],"predecessor-version":[{"id":1018,"href":"https:\/\/mensamotor.com\/index.php?rest_route=\/wp\/v2\/pages\/804\/revisions\/1018"}],"wp:attachment":[{"href":"https:\/\/mensamotor.com\/index.php?rest_route=%2Fwp%2Fv2%2Fmedia&parent=804"}],"curies":[{"name":"wp","href":"https:\/\/api.w.org\/{rel}","templated":true}]}}